{"id":36,"date":"2021-02-04T11:00:49","date_gmt":"2021-02-04T09:00:49","guid":{"rendered":"http:\/\/stephanieorion.com\/?page_id=36"},"modified":"2025-01-05T16:46:40","modified_gmt":"2025-01-05T14:46:40","slug":"retreatsworkshops","status":"publish","type":"page","link":"https:\/\/stephanieorion.com\/?page_id=36&lang=de","title":{"rendered":"Angebote und Preise"},"content":{"rendered":"<p style=\"text-align: center;\"><strong>We \u2665\ufe0f Human Design<\/strong><\/p>\r\n<hr \/>\r\n<p style=\"text-align: center;\"><strong>Einf\u00fchrungsreading<\/strong><\/p>\r\n<p>(1 h Sitzung und PDF der K\u00f6rpergrafik). Die wichtigen Grundlagen (Typ, Profil und Autorit\u00e4t) werden erkl\u00e4rt und die praktische Umsetzung gef\u00f6rdert.<\/p>\r\n<p><span style=\"text-decoration: underline;\">Preis: 100,- \u20ac<br \/><\/span><\/p>\r\n<p>(F\u00fcr einen Unkostenbeitrag von 20,- \u20ac kann eine Audioaufnahme hinzugef\u00fcgt werden.)<\/p>\r\n<hr \/>\r\n<p style=\"text-align: center;\"><strong>Kleines Reading <\/strong><\/p>\r\n<p>(1,5-2h Sitzung, digitale Audioaufnahme, PDF der K\u00f6rpergrafik). Wie das gro\u00dfe Reading nur ohne die eint\u00e4gige Vorbereitung zum Studium der Details der K\u00f6rpergrafik.<\/p>\r\n<p><span style=\"text-decoration: underline;\">Preis: 250,- \u20ac<br \/><\/span><\/p>\r\n<hr \/>\r\n<p style=\"text-align: center;\"><strong>Gro\u00dfes Reading<\/strong><\/p>\r\n<p>(1,5-2h Sitzung mit Vorbereitung von 1 Tag f\u00fcr mich, digitale Audioaufnahme, PDF der K\u00f6rpergrafik). Ausf\u00fchrliches Reading, das mit den wichtigsten Begriffen des Human Design vertraut macht, die essenziellen Aspekte ihrer K\u00f6rpergrafik erkl\u00e4rt und danach die praktische Umsetzung der Informationen bezugnehmend auf pers\u00f6nliche Themen erm\u00f6glicht. Die Vorbereitungszeit erlaubt mir alle Details der K\u00f6rpergrafik zu studieren und damit alle feineren Nuancen des Wesens f\u00fcr das Reading zu kennen.<\/p>\r\n<p><span style=\"text-decoration: underline;\">Preis: 350,- \u20ac<\/span><\/p>\r\n<hr \/>\r\n<p style=\"text-align: center;\"><strong>Individuelle Human Design Beratung (nur nach einem Reading)<br \/><\/strong><\/p>\r\n<p>Individuelle Human Design Sitzung zu den f\u00fcr sie zu dem Zeitpunkt relevanten Themen, Kl\u00e4rung von Fragen und Unterst\u00fctzung zur praktischen Umsetzung.<\/p>\r\n<p><span style=\"text-decoration: underline;\">Preis: 100,\u00ad-\u20ac\/h\u00a0<\/span> (im Fall von l\u00e4ngeren Sitzungen Stundepreis 90,- \u20ac.)<\/p>\r\n<hr \/>\r\n<p style=\"text-align: center;\"><strong>Paar-\u00ad oder Familienberatung (nur nach einem Reading oder auf Anfrage bei speziellen F\u00e4llen)<br \/><\/strong><\/p>\r\n<p>1h Coaching f\u00fcr Paare und Familien zur ressourcen-orientierten Konfliktl\u00f6sung in Partnerschaften, in Kindererziehung, Patchworkfamilien usw. Human Design erm\u00f6glicht es uns viele Zusammenh\u00e4nge einfach und pr\u00e4zise zu erkl\u00e4ren, um ein harmonisches Zusammenleben beruhend auf gegenseitigem Respekt zu erm\u00f6glichen.<\/p>\r\n<p><span style=\"text-decoration: underline;\">Preis: 100,\u00ad-\u20ac\/h<\/span><br \/><span style=\"text-decoration: underline;\">Bei Langzeitbegleitung Preis nach Absprache<\/span><\/p>\r\n<hr \/>\r\n<p style=\"text-align: center;\"><strong>In dringenden F\u00e4llen k\u00f6nnen Sie sich gerne auch kurzfristig bei mir melden.\u00a0<\/strong><\/p>\r\n<hr \/>\r\n<p style=\"text-align: center;\">Readings und Sitzungen k\u00f6nnen via Zoom, Telefon oder in Persona stattfinden. Im pers\u00f6nlichen Kontakt kann die Aurainteraktion sich st\u00e4rker entfalten.<\/p>\r\n<p style=\"text-align: center;\">F\u00fcr jeden, der im Jahre 2021 am kollektiven Experiment teilgenommen hat, verlange ich f\u00fcr jede Form von Arbeit zus\u00e4tzlich 150,- \u20ac, da es f\u00fcr mich erheblichen Mehraufwand bedeutet.<\/p>\r\n<!-- \/wp:post-content -->\r\n\r\n<!-- wp:paragraph {\"align\":\"center\"} \/-->","protected":false},"excerpt":{"rendered":"<p>We \u2665\ufe0f Human Design Einf\u00fchrungsreading (1 h Sitzung und PDF der K\u00f6rpergrafik). Die wichtigen Grundlagen (Typ, Profil und Autorit\u00e4t) werden erkl\u00e4rt und die praktische Umsetzung gef\u00f6rdert. Preis: 100,- \u20ac (F\u00fcr einen Unkostenbeitrag von 20,- \u20ac kann eine Audioaufnahme hinzugef\u00fcgt werden.) Kleines Reading (1,5-2h Sitzung, digitale Audioaufnahme, PDF der K\u00f6rpergrafik). Wie das gro\u00dfe Reading nur ohne [&hellip;]<\/p>\n","protected":false},"author":1,"featured_media":4645,"parent":0,"menu_order":0,"comment_status":"open","ping_status":"open","template":"","meta":{"_genesis_hide_title":false,"_genesis_hide_breadcrumbs":false,"_genesis_hide_singular_image":false,"_genesis_hide_footer_widgets":false,"_genesis_custom_body_class":"","_genesis_custom_post_class":"","_genesis_layout":"full-width-content","footnotes":""},"class_list":{"0":"post-36","1":"page","2":"type-page","3":"status-publish","4":"has-post-thumbnail","6":"entry"},"_links":{"self":[{"href":"https:\/\/stephanieorion.com\/index.php?rest_route=\/wp\/v2\/pages\/36","targetHints":{"allow":["GET"]}}],"collection":[{"href":"https:\/\/stephanieorion.com\/index.php?rest_route=\/wp\/v2\/pages"}],"about":[{"href":"https:\/\/stephanieorion.com\/index.php?rest_route=\/wp\/v2\/types\/page"}],"author":[{"embeddable":true,"href":"https:\/\/stephanieorion.com\/index.php?rest_route=\/wp\/v2\/users\/1"}],"replies":[{"embeddable":true,"href":"https:\/\/stephanieorion.com\/index.php?rest_route=%2Fwp%2Fv2%2Fcomments&post=36"}],"version-history":[{"count":159,"href":"https:\/\/stephanieorion.com\/index.php?rest_route=\/wp\/v2\/pages\/36\/revisions"}],"predecessor-version":[{"id":5225,"href":"https:\/\/stephanieorion.com\/index.php?rest_route=\/wp\/v2\/pages\/36\/revisions\/5225"}],"wp:featuredmedia":[{"embeddable":true,"href":"https:\/\/stephanieorion.com\/index.php?rest_route=\/wp\/v2\/media\/4645"}],"wp:attachment":[{"href":"https:\/\/stephanieorion.com\/index.php?rest_route=%2Fwp%2Fv2%2Fmedia&parent=36"}],"curies":[{"name":"wp","href":"https:\/\/api.w.org\/{rel}","templated":true}]}}