{"id":27,"date":"2015-07-21T17:55:11","date_gmt":"2015-07-21T15:55:11","guid":{"rendered":"http:\/\/stephanieorion.com\/?page_id=27"},"modified":"2020-07-15T16:06:24","modified_gmt":"2020-07-15T14:06:24","slug":"innere-autoritaet","status":"publish","type":"page","link":"https:\/\/stephanieorion.com\/?page_id=27&lang=de","title":{"rendered":"Innere Autorit\u00e4t"},"content":{"rendered":"<p style=\"text-align: center;\"><span style=\"color: #e7b923;\"><em><em>\u201e<\/em>Sch\u00f6nheit entsteht, wenn man sich entscheidet, sich selbst zu leben.<em>\u201c<\/em><br \/>\n~ Coco Chanel<\/em><\/span><img loading=\"lazy\" decoding=\"async\" class=\"aligncenter wp-image-1810 size-full\" src=\"https:\/\/stephanieorion.com\/wp-content\/uploads\/2018\/05\/horses-1414889_640-1.jpg\" alt=\"\" width=\"640\" height=\"427\" srcset=\"https:\/\/stephanieorion.com\/wp-content\/uploads\/2018\/05\/horses-1414889_640-1.jpg 640w, https:\/\/stephanieorion.com\/wp-content\/uploads\/2018\/05\/horses-1414889_640-1-300x200.jpg 300w\" sizes=\"auto, (max-width: 640px) 100vw, 640px\" \/><\/p>\n<p><strong>Wie trifft man Entscheidungen?<\/strong><br \/>\nNormalerweise entscheidet der Mensch mit dem Kopf, was er\/sie tun sollte, k\u00f6nnte,\u00a0m\u00fcsste, will, findet dann mentale Strategien zur Umsetzung und handelt danach. Diese\u00a0vom Egoverstand initiierten Handlungen f\u00fchren zu einem Leben voller Widerstand und\u00a0einem latenten Mangelgef\u00fchl. Die meisten von uns wissen nicht wie sie korrekte\u00a0Entscheidungen treffen k\u00f6nnen. Das Human Design zeigt uns, dass unsere\u00a0Entscheidungsgrundlage immer in uns selbst zu finden ist und wie wir mit unserer eigenen\u00a0inneren Wahrheit in Kontakt kommen k\u00f6nnen.\u00a0Folgt man seiner Strategie und Autorit\u00e4t, bekommt man das Leben, das f\u00fcr einen\u00a0bestimmt ist, und erlebt die Einzigartigkeit und Magie des menschlichen Daseins auf allen\u00a0Ebenen.<\/p>\n<hr \/>\n<h4><span style=\"color: #e7b923;\">INNERE AUTORIT\u00c4T<\/span><\/h4>\n<hr \/>\n<p><strong><a href=\"https:\/\/stephanieorion.com\/wp-content\/uploads\/2015\/07\/Autorit\u00e4t-emo.png\"><img loading=\"lazy\" decoding=\"async\" class=\" size-medium wp-image-368 alignright\" src=\"https:\/\/stephanieorion.com\/wp-content\/uploads\/2015\/07\/Autorit\u00e4t-emo-300x300.png\" alt=\"Autorit\u00e4t emo\" width=\"300\" height=\"300\" srcset=\"https:\/\/stephanieorion.com\/wp-content\/uploads\/2015\/07\/Autorit\u00e4t-emo-300x300.png 300w, https:\/\/stephanieorion.com\/wp-content\/uploads\/2015\/07\/Autorit\u00e4t-emo-150x150.png 150w, https:\/\/stephanieorion.com\/wp-content\/uploads\/2015\/07\/Autorit\u00e4t-emo.png 928w\" sizes=\"auto, (max-width: 300px) 100vw, 300px\" \/><\/a>Emotionale Autorit\u00e4t:<\/strong><br \/>\nSobald der Solarplexus, das Emotionalzentrum, definiert ist, wird es automatisch zur\u00a0Autorit\u00e4t.\u00a0Menschen mit emotionaler Autorit\u00e4t brauchen Zeit f\u00fcr ihren Entscheidungsprozess. Man\u00a0erf\u00fchlt \u00fcber die Zeit durch die sich auf und ab bewegenden, in Wellen verlaufenden\u00a0Emotionen wie man sich mit etwas oder jemandem f\u00fchlt. Als emotionaler Mensch gibt es\u00a0niemals vollkommene Sicherheit, aber man kann ein gutes Gef\u00fchl daf\u00fcr entwickeln, wie\u00a0sich der eigene Prozess und Klarheit im K\u00f6rper anf\u00fchlen. Dinge mehrmals auf sich\u00a0zukommen zu lassen, bevor man sich entscheidet, ist wichtig, um klar zu werden, was\u00a0wirklich passend ist, denn Momentaufnahmen sind immer nur emotional eingef\u00e4rbte\u00a0Ausschnitte des Entscheidungsprozesses.<\/p>\n<hr \/>\n<p><strong><a href=\"https:\/\/stephanieorion.com\/wp-content\/uploads\/2015\/07\/Autorit\u00e4t-sakral.png\"><img loading=\"lazy\" decoding=\"async\" class=\" size-medium wp-image-369 alignright\" src=\"https:\/\/stephanieorion.com\/wp-content\/uploads\/2015\/07\/Autorit\u00e4t-sakral-300x300.png\" alt=\"Autorit\u00e4t sakral\" width=\"300\" height=\"300\" srcset=\"https:\/\/stephanieorion.com\/wp-content\/uploads\/2015\/07\/Autorit\u00e4t-sakral-300x300.png 300w, https:\/\/stephanieorion.com\/wp-content\/uploads\/2015\/07\/Autorit\u00e4t-sakral-150x150.png 150w, https:\/\/stephanieorion.com\/wp-content\/uploads\/2015\/07\/Autorit\u00e4t-sakral.png 928w\" sizes=\"auto, (max-width: 300px) 100vw, 300px\" \/><\/a>Sakrale Autorit\u00e4t:<\/strong><br \/>\nDas Sakralzentrum muss daf\u00fcr definiert sein, also haben nur Generatoren und\u00a0manifestierende Generatoren diese Autorit\u00e4t, wenn sie keine emotionale Definition\u00a0aufweisen. Das Sakralzentrum antwortet spontan auf von au\u00dfen kommende Impulse und\u00a0Ja\/Nein\u00ad-Fragen und zeigt in Form von sakralen Lauten, Bewegungsimpulsen, oder\u00a0k\u00f6rperlich f\u00fchlbarer \u00d6ffnung oder Verschliessen des Unterbauchs an, ob Lebenskraft f\u00fcr\u00a0etwas oder jemanden zur Verf\u00fcgung steht oder nicht. Diese Reaktion des Sakralzentrums\u00a0bildet die Entscheidungsgrundlage.<\/p>\n<hr \/>\n<p><span style=\"color: #e7b923;\">Die nachfolgenden Autorit\u00e4ten setzen voraus, dass weder der Solarplexus noch das\u00a0Sakralzentrum definiert sind:<\/span><\/p>\n<hr \/>\n<p><strong><a href=\"https:\/\/stephanieorion.com\/wp-content\/uploads\/2015\/07\/Autorit\u00e4t-milz.png\"><img loading=\"lazy\" decoding=\"async\" class=\" size-medium wp-image-372 alignright\" src=\"https:\/\/stephanieorion.com\/wp-content\/uploads\/2015\/07\/Autorit\u00e4t-milz-300x300.png\" alt=\"Autorit\u00e4t milz\" width=\"300\" height=\"300\" srcset=\"https:\/\/stephanieorion.com\/wp-content\/uploads\/2015\/07\/Autorit\u00e4t-milz-300x300.png 300w, https:\/\/stephanieorion.com\/wp-content\/uploads\/2015\/07\/Autorit\u00e4t-milz-150x150.png 150w, https:\/\/stephanieorion.com\/wp-content\/uploads\/2015\/07\/Autorit\u00e4t-milz.png 928w\" sizes=\"auto, (max-width: 300px) 100vw, 300px\" \/><\/a>Milz\u00ad-Autorit\u00e4t:<\/strong><br \/>\nAusschlie\u00dflich Manifestoren und Projektoren vorbehalten.\u00a0Das blitzschnelle Bewusstsein auf K\u00f6rperebene der Milzautorit\u00e4t erkennt die kleinsten\u00a0Ver\u00e4nderungen in der Umgebung. Es spricht nur einmal und wiederholt sich auch nicht.\u00a0Das k\u00f6rperliche Wohlbefinden wandelt sich in ein klares Nein oder einen Fluchtimpuls,\u00a0wenn etwas als ungesund oder lebensgef\u00e4hrdend empfunden wird. Trifft man auf etwas\u00a0oder jemanden und es erweist sich als gesund und passend, kann es zu einer Verst\u00e4rkung\u00a0des k\u00f6rperlichen Wohlbefindens kommen. Hier ist es wichtig dem Impuls des jeweiligen\u00a0Moments zu folgen.<\/p>\n<hr \/>\n<p><strong><a href=\"https:\/\/stephanieorion.com\/wp-content\/uploads\/2015\/07\/Autorit\u00e4t-ego.png\"><img loading=\"lazy\" decoding=\"async\" class=\" size-medium wp-image-370 alignright\" src=\"https:\/\/stephanieorion.com\/wp-content\/uploads\/2015\/07\/Autorit\u00e4t-ego-300x300.png\" alt=\"Autorit\u00e4t ego\" width=\"300\" height=\"300\" srcset=\"https:\/\/stephanieorion.com\/wp-content\/uploads\/2015\/07\/Autorit\u00e4t-ego-300x300.png 300w, https:\/\/stephanieorion.com\/wp-content\/uploads\/2015\/07\/Autorit\u00e4t-ego-150x150.png 150w, https:\/\/stephanieorion.com\/wp-content\/uploads\/2015\/07\/Autorit\u00e4t-ego.png 928w\" sizes=\"auto, (max-width: 300px) 100vw, 300px\" \/><\/a>Ego\u00ad-Autorit\u00e4t:<\/strong><br \/>\nDiese \u00e4u\u00dferst selten vorkommende Autorit\u00e4t ist wieder ausschlie\u00dflich Manifestoren und\u00a0Projektoren vorbehalten.\u00a0Das Milzzentrum ist hier nicht definiert. Diese Autorit\u00e4t beruht auf einem gesunden,\u00a0selbstbewussten, kraftvollen Ich, im Unterschied zur G\u00ad-Autorit\u00e4t und dessen Verbindung\u00a0zum h\u00f6heren Selbst. Dieses \u201eIch\u201c dient allerdings immer dem Wohle des Stammes bzw.\u00a0des Gruppenverbandes, dem man sich zugeh\u00f6rig f\u00fchlt, und untersteht nicht dem\u00a0egozentrischen Wunschdenken und den egozentrischen Besitzanspr\u00fcchen des Verstandes.\u00a0Man kann eine korrekte Ego-Autorit\u00e4t am kraftvollen Ausdruck und einer majest\u00e4tischen\u00a0Qualit\u00e4t im Klang der Stimme erkennen oder sie erscheint einfach in Form von im\u00a0K\u00f6rper f\u00fchlbarer, innerlicher Willenskraft, etwas umzusetzen zu wollen.<\/p>\n<hr \/>\n<p><strong><a href=\"https:\/\/stephanieorion.com\/wp-content\/uploads\/2015\/07\/Autorit\u00e4t-g.png\"><img loading=\"lazy\" decoding=\"async\" class=\" size-medium wp-image-373 alignright\" src=\"https:\/\/stephanieorion.com\/wp-content\/uploads\/2015\/07\/Autorit\u00e4t-g-300x300.png\" alt=\"Autorit\u00e4t g\" width=\"300\" height=\"300\" srcset=\"https:\/\/stephanieorion.com\/wp-content\/uploads\/2015\/07\/Autorit\u00e4t-g-300x300.png 300w, https:\/\/stephanieorion.com\/wp-content\/uploads\/2015\/07\/Autorit\u00e4t-g-150x150.png 150w, https:\/\/stephanieorion.com\/wp-content\/uploads\/2015\/07\/Autorit\u00e4t-g.png 928w\" sizes=\"auto, (max-width: 300px) 100vw, 300px\" \/><\/a>G\u00ad-Autorit\u00e4t:<\/strong><br \/>\nDiese vom h\u00f6heren Selbst bestimmte Autorit\u00e4t ist ausschlie\u00dflich Projektoren vorbehalten\u00a0und ist wie keine andere.\u00a0Alles unterhalb des G\u00ad-Zentrums bleibt undefiniert. Diese Menschen fahren auf Autopilot,\u00a0der magnetische Monopol gibt ihnen die Richtung vor und lenkt sie \u00ad, vorausgesetzt, sie\u00a0vertrauen ihrer inneren F\u00fchrung. Wie ein roter Faden f\u00fchrt sie der innere Richtungsgeber\u00a0mit schlafwandlerischer Sicherheit durchs Leben. Das einzig Wichtige f\u00fcr sie ist, dass das,\u00a0was sie tun, dem eigenen Selbst nicht zuwiderhandelt, sondern ihrer eigenen inneren\u00a0Rechtm\u00e4\u00dfigkeit im gegenw\u00e4rtigen Moment entspricht. Auch im Ausdruck kann die G\u00ad\u00a0Autorit\u00e4t wahrgenommen werden.<\/p>\n<hr \/>\n<h4><span style=\"color: #e7b923;\">Keine innere Autorit\u00e4t &#8211; Prozess orientierte Autorit\u00e4t<\/span><\/h4>\n<hr \/>\n<p><strong><a href=\"https:\/\/stephanieorion.com\/wp-content\/uploads\/2015\/07\/Autorit\u00e4t-mental.png\"><img loading=\"lazy\" decoding=\"async\" class=\" size-medium wp-image-374 alignright\" src=\"https:\/\/stephanieorion.com\/wp-content\/uploads\/2015\/07\/Autorit\u00e4t-mental-300x300.png\" alt=\"Autorit\u00e4t mental\" width=\"300\" height=\"300\" srcset=\"https:\/\/stephanieorion.com\/wp-content\/uploads\/2015\/07\/Autorit\u00e4t-mental-300x300.png 300w, https:\/\/stephanieorion.com\/wp-content\/uploads\/2015\/07\/Autorit\u00e4t-mental-150x150.png 150w, https:\/\/stephanieorion.com\/wp-content\/uploads\/2015\/07\/Autorit\u00e4t-mental.png 928w\" sizes=\"auto, (max-width: 300px) 100vw, 300px\" \/><\/a>Mentale Autorit\u00e4t:<\/strong><br \/>\nEine mentale Autorit\u00e4t zu haben, ist wieder nur den Projektoren vorbehalten.\u00a0Nur Definitionen von Kopf\u00ad bis Kehlzentrum m\u00f6glich. Hier liegt das Augenmerk darauf\u00a0im Gespr\u00e4ch mit anderen den eigenen Ausdruck vernehmen zu k\u00f6nnen, um die eigene\u00a0innere Wahrheit zu h\u00f6ren. Der Klang der Stimme ver\u00e4ndert sich komplett, wenn dies\u00a0geschieht. Es ist wichtig zu lernen, wie es sich im K\u00f6rper anf\u00fchlt, wenn sie sich in einer\u00a0passenden Umgebung befinden und lernen, wer wirklich bereit ist, ihre einzigartige\u00a0Perspektive, die Welt zu sehen, anzunehmen.<\/p>\n<hr \/>\n<p><strong><a href=\"https:\/\/stephanieorion.com\/wp-content\/uploads\/2015\/07\/Autorit\u00e4t-lunar.png\"><img loading=\"lazy\" decoding=\"async\" class=\" size-medium wp-image-375 alignright\" src=\"https:\/\/stephanieorion.com\/wp-content\/uploads\/2015\/07\/Autorit\u00e4t-lunar-300x300.png\" alt=\"Autorit\u00e4t lunar\" width=\"300\" height=\"300\" srcset=\"https:\/\/stephanieorion.com\/wp-content\/uploads\/2015\/07\/Autorit\u00e4t-lunar-300x300.png 300w, https:\/\/stephanieorion.com\/wp-content\/uploads\/2015\/07\/Autorit\u00e4t-lunar-150x150.png 150w, https:\/\/stephanieorion.com\/wp-content\/uploads\/2015\/07\/Autorit\u00e4t-lunar.png 928w\" sizes=\"auto, (max-width: 300px) 100vw, 300px\" \/><\/a>Lunare Autorit\u00e4t:<\/strong><br \/>\nDen Reflektoren vorbehalten.\u00a0Wie bei der mentalen Autorit\u00e4t handelt es sich auch hier um eine Prozess orientierte\u00a0Autorit\u00e4t, aber in diesem Falle findet man eine komplette Offenheit der Zentren in der\u00a0K\u00f6rpergrafik vor. Es handelt sich um eine Art Tanz mit dem Mond und dem\u00a0Wahrnehmen wie die Ver\u00e4nderungen der planetaren Einfl\u00fcsse die eigene Befindlichkeit\u00a0und Ausrichtung ver\u00e4ndern. Wichtige Entscheidungen erfordern meist mindestens einen\u00a0Mondzyklus, also 28 Tage, aber wie bei der emotionalen Autorit\u00e4t kann der letztliche\u00a0zeitliche Ablauf des Entscheidungsprozesses schwer festlegt werden. Man hat Klarheit,\u00a0wenn sie da ist.<\/p>\n<hr \/>\n<p style=\"text-align: center;\"><span style=\"color: #e7b923;\">\u201cDie Richtung ist immer die Liebe.\u201d &#8211; Michaela Hohmann<\/span><img loading=\"lazy\" decoding=\"async\" class=\"aligncenter size-full wp-image-1782\" src=\"https:\/\/stephanieorion.com\/wp-content\/uploads\/2018\/05\/farm-3304992_640.jpg\" alt=\"\" width=\"640\" height=\"426\" srcset=\"https:\/\/stephanieorion.com\/wp-content\/uploads\/2018\/05\/farm-3304992_640.jpg 640w, https:\/\/stephanieorion.com\/wp-content\/uploads\/2018\/05\/farm-3304992_640-300x200.jpg 300w\" sizes=\"auto, (max-width: 640px) 100vw, 640px\" \/><\/p>\n","protected":false},"excerpt":{"rendered":"<p>\u201eSch\u00f6nheit entsteht, wenn man sich entscheidet, sich selbst zu leben.\u201c ~ Coco Chanel Wie trifft man Entscheidungen? Normalerweise entscheidet der Mensch mit dem Kopf, was er\/sie tun sollte, k\u00f6nnte,\u00a0m\u00fcsste, will, findet dann mentale Strategien zur Umsetzung und handelt danach. Diese\u00a0vom Egoverstand initiierten Handlungen f\u00fchren zu einem Leben voller Widerstand und\u00a0einem latenten Mangelgef\u00fchl. Die meisten von [&hellip;]<\/p>\n","protected":false},"author":1,"featured_media":0,"parent":0,"menu_order":0,"comment_status":"open","ping_status":"open","template":"","meta":{"_genesis_hide_title":false,"_genesis_hide_breadcrumbs":false,"_genesis_hide_singular_image":false,"_genesis_hide_footer_widgets":false,"_genesis_custom_body_class":"","_genesis_custom_post_class":"","_genesis_layout":"full-width-content","footnotes":""},"class_list":{"0":"post-27","1":"page","2":"type-page","3":"status-publish","5":"entry","6":"has-post-thumbnail"},"_links":{"self":[{"href":"https:\/\/stephanieorion.com\/index.php?rest_route=\/wp\/v2\/pages\/27","targetHints":{"allow":["GET"]}}],"collection":[{"href":"https:\/\/stephanieorion.com\/index.php?rest_route=\/wp\/v2\/pages"}],"about":[{"href":"https:\/\/stephanieorion.com\/index.php?rest_route=\/wp\/v2\/types\/page"}],"author":[{"embeddable":true,"href":"https:\/\/stephanieorion.com\/index.php?rest_route=\/wp\/v2\/users\/1"}],"replies":[{"embeddable":true,"href":"https:\/\/stephanieorion.com\/index.php?rest_route=%2Fwp%2Fv2%2Fcomments&post=27"}],"version-history":[{"count":29,"href":"https:\/\/stephanieorion.com\/index.php?rest_route=\/wp\/v2\/pages\/27\/revisions"}],"predecessor-version":[{"id":4077,"href":"https:\/\/stephanieorion.com\/index.php?rest_route=\/wp\/v2\/pages\/27\/revisions\/4077"}],"wp:attachment":[{"href":"https:\/\/stephanieorion.com\/index.php?rest_route=%2Fwp%2Fv2%2Fmedia&parent=27"}],"curies":[{"name":"wp","href":"https:\/\/api.w.org\/{rel}","templated":true}]}}