{"id":25,"date":"2015-07-21T17:54:56","date_gmt":"2015-07-21T15:54:56","guid":{"rendered":"http:\/\/stephanieorion.com\/?page_id=25"},"modified":"2021-06-08T12:00:56","modified_gmt":"2021-06-08T10:00:56","slug":"typen-und-ihre-strategieaura","status":"publish","type":"page","link":"https:\/\/stephanieorion.com\/?page_id=25&lang=de","title":{"rendered":"Typen und ihre Strategie\/Aura"},"content":{"rendered":"<p style=\"padding-left: 60px; text-align: center;\"><span style=\"color: #b00078;\"><em>\u201eM\u00f6chtest Du die Geheimnisse des Universums erfahren, dann\u00a0besch\u00e4ftige Dich mit Energie, Frequenz und Schwingung.\u201c <\/em><\/span><br \/>\n<span style=\"color: #b00078;\"> <em>~ Nikola\u00a0Tesla<\/em><\/span><\/p>\n<p>Wie wir der Welt begegnen oder wie die Welt uns begegnet&#8230;<\/p>\n<p>Im Human Design werden aufgrund ihrer unterschiedlichen Ausstrahlung und Wirkkraft\u00a0vier Typen unterschieden. Ungef\u00e4hr 80 % der Menschheit sind Energietypen, so genannte\u00a0Generatoren (ca. 68 %) und Manifestoren (ca. 9 %). Um 1781 entstand ein neuer Typus,\u00a0der Projektor, der nun (ca. 22 %) der Weltbev\u00f6lkerung ausmacht. Mit etwa 1 % sind die\u00a0Reflektoren die kleinste Gruppe und z\u00e4hlen mit den Projektoren zu den Nicht-Energietypen.<\/p>\n<hr \/>\n<p><strong>Was ist eine Aura?<\/strong><\/p>\n<p>Die Aura ist das flexibles Energiefeld, eine elektromagnetische Signatur, das jeden\u00a0Menschen umgibt. Viele nehmen es als die Ausstrahlung einer Person wahr.<\/p>\n<p><img loading=\"lazy\" decoding=\"async\" class=\"aligncenter size-medium wp-image-1663\" src=\"https:\/\/stephanieorion.com\/wp-content\/uploads\/2018\/05\/meditation-1384758_640-300x206.jpg\" alt=\"\" width=\"300\" height=\"206\" \/><\/p>\n<p><strong>Was ist die Strategie?<\/strong><\/p>\n<p>Die typgerechte Strategie zeigt, wie man sein Energiefeld f\u00fcr sich nutzen kann und sorgt\u00a0daf\u00fcr, dass man ein Leben frei von inneren und \u00e4u\u00dferen Widerst\u00e4nden f\u00fchren kann.<\/p>\n<hr \/>\n<p><span style=\"color: #b00078;\">Wenn Sie interessiert sind, was die einzelnen Menschen mit ihrer Qualit\u00e4t so machen, klicken Sie auf die Bilder (die meisten sind verlinkt) und finden es heraus&#8230; \u00a0<\/span><\/p>\n<hr \/>\n<h4>Energietypen<\/h4>\n<p>Es gibt 2 Energietypen: <strong>Manifestoren<\/strong>, die mit ihrer Visionskraft, Prozesse anstossen\u00a0k\u00f6nnen, und <strong>Generatoren<\/strong>, die die Kraft und das Durchhalteverm\u00f6gen besitzen, Prozesse\u00a0von Anfang bis Ende durchzuf\u00fchren.<\/p>\n<hr \/>\n<p id=\"MANIFESTOREN\"><strong><span style=\"color: #b00078;\">MANIFESTOREN<\/span><\/strong><\/p>\n<hr \/>\n<p><img loading=\"lazy\" decoding=\"async\" class=\"alignleft wp-image-4128\" src=\"https:\/\/stephanieorion.com\/wp-content\/uploads\/2020\/07\/P1020344-1-225x300.jpg\" alt=\"\" width=\"200\" height=\"267\" srcset=\"https:\/\/stephanieorion.com\/wp-content\/uploads\/2020\/07\/P1020344-1-225x300.jpg 225w, https:\/\/stephanieorion.com\/wp-content\/uploads\/2020\/07\/P1020344-1-1152x1536.jpg 1152w, https:\/\/stephanieorion.com\/wp-content\/uploads\/2020\/07\/P1020344-1-1536x2048.jpg 1536w, https:\/\/stephanieorion.com\/wp-content\/uploads\/2020\/07\/P1020344-1-scaled.jpg 1920w\" sizes=\"auto, (max-width: 200px) 100vw, 200px\" \/><\/p>\n<p><img loading=\"lazy\" decoding=\"async\" class=\"alignleft wp-image-334\" src=\"https:\/\/stephanieorion.com\/wp-content\/uploads\/2015\/07\/Bildschirmfoto-2015-08-17-um-07.31.40-150x150.png\" alt=\"Manifestor\" width=\"251\" height=\"250\" srcset=\"https:\/\/stephanieorion.com\/wp-content\/uploads\/2015\/07\/Bildschirmfoto-2015-08-17-um-07.31.40-150x150.png 150w, https:\/\/stephanieorion.com\/wp-content\/uploads\/2015\/07\/Bildschirmfoto-2015-08-17-um-07.31.40-300x300.png 300w, https:\/\/stephanieorion.com\/wp-content\/uploads\/2015\/07\/Bildschirmfoto-2015-08-17-um-07.31.40.png 962w\" sizes=\"auto, (max-width: 251px) 100vw, 251px\" \/><\/p>\n<p><img loading=\"lazy\" decoding=\"async\" class=\"alignleft wp-image-398\" src=\"https:\/\/stephanieorion.com\/wp-content\/uploads\/2015\/08\/mary_portrait_sm-150x150.jpg\" alt=\"\" width=\"209\" height=\"267\" srcset=\"https:\/\/stephanieorion.com\/wp-content\/uploads\/2015\/08\/mary_portrait_sm-235x300.jpg 235w, https:\/\/stephanieorion.com\/wp-content\/uploads\/2015\/08\/mary_portrait_sm.jpg 313w\" sizes=\"auto, (max-width: 209px) 100vw, 209px\" \/><\/p>\n<p>&nbsp;<\/p>\n<hr \/>\n<p><em>Das richtige Leben finden&#8230;<\/em><br \/>\n<em> Zu sp\u00fcren, wen und was sie bewegen k\u00f6nnen und wo sie Eindruck hinterlassen&#8230;<\/em><br \/>\n<em> Streben danach die Lebensqualit\u00e4t zu verbessern&#8230;<\/em><br \/>\n<em><strong>Frieden<\/strong> versus Wut<\/em><\/p>\n<p>Offenes Sakralzentrum, Verbindung eines Motors zur Kehle.\u00a0Manifestoren sind die Initialkr\u00e4fte des Lebens und beeinflussen mit jeder Handlung ihre\u00a0Umwelt. Sie k\u00f6nnen sehr unabh\u00e4ngig sein und sind Alleing\u00e4nger, wenn sie jedoch \u00fcber\u00a0ihre Impulse informieren, werden sie von anderen in ihrem Wesen und Tun unterst\u00fctzt.\u00a0Wenn sie andere nicht informieren und ihre Kr\u00e4fte nicht korrekt einsetzen, sondern sich\u00a0wie Dampfwalzen verhalten oder sich von anderen kontrollieren lassen, ernten sie\u00a0Widerstand auf allen Ebenen, erschaffen viel Chaos um sich herum und kreieren Furcht\u00a0und Schrecken in ihren Mitmenschen und machen sich damit selbst w\u00fctend. Durch das\u00a0Informieren schaffen sie Vertrauen und ebnen den Weg zu einem friedvollen,\u00a0widerstandsfreien Leben. Wenn Manifestoren ihren Einflussreichtum verstehen und\u00a0informieren bevor sie handeln, dann wandelt sich die Wut in Frieden.\u00a0Manifestoren verk\u00f6rpern das Idealbild, wie man in der heutigen Zeit zu funktionieren\u00a0hat: Tu einfach, was Du willst! Manifestiere Deine Vorhaben! Aber dieses unabh\u00e4ngige\u00a0Handlungsschema ist nur den Manifestoren vorbehalten, wenn das Leben durch sie\u00a0hindurch wirken m\u00f6chte, denn auch bei ihnen kann aus dem Kopf manifestieren fatale\u00a0Folgen nach sich ziehen!<\/p>\n<p>Der Schl\u00fcssel zum friedvollen Leben liegt in der Kommunikation. Warten, bis das Lebendurch sie hindurch wirken will, bis sie nicht mehr anders k\u00f6nnen als zu sprechen, zu\u00a0handeln oder initiativ zu werden. Und dann alle, die davon beeinflusst werden, zu\u00a0informieren.<\/p>\n<p><strong>Aura:<\/strong> Geschlossen, damit sie beim anderen Eindruck hinterl\u00e4sst und sich ihren Weg\u00a0bahnen kann.<br \/>\n<strong>Strategie:<\/strong> Vorm in Aktion treten informieren!<br \/>\n<strong>Welchen Einfluss habe ich?<\/strong><\/p>\n<hr \/>\n<p id=\"GENERATOREN\/MANIFESTIERENDE GENERATOREN\"><strong><span style=\"color: #b00078;\">GENERATOREN\/MANIFESTIERENDE GENERATOREN<\/span><\/strong><\/p>\n<hr \/>\n<p><em>Emotionale Generatoren<\/em><\/p>\n<p><a href=\"https:\/\/www.yoga-am-engel.de\" target=\"_blank\" rel=\"noopener noreferrer\"><img loading=\"lazy\" decoding=\"async\" class=\"alignleft wp-image-234 size-thumbnail\" src=\"https:\/\/stephanieorion.com\/wp-content\/uploads\/2015\/07\/Foto-150x150.jpg\" alt=\"Emotionaler Generator\" width=\"150\" height=\"150\" \/><\/a><\/p>\n<p><a href=\"https:\/\/www.juliandevoe.com\" target=\"_blank\" rel=\"noopener noreferrer\"><img loading=\"lazy\" decoding=\"async\" class=\"alignleft wp-image-272 size-thumbnail\" src=\"https:\/\/stephanieorion.com\/wp-content\/uploads\/2015\/07\/colorfacing1-150x150.jpg\" alt=\"Emotionaler Generator\" width=\"150\" height=\"150\" \/><\/a><\/p>\n<p><a href=\"https:\/\/www.eliashassos.de\/\" target=\"_blank\" rel=\"noopener noreferrer\"><img loading=\"lazy\" decoding=\"async\" class=\"alignleft wp-image-312 size-thumbnail\" src=\"https:\/\/stephanieorion.com\/wp-content\/uploads\/2015\/07\/elias-150x150.jpg\" alt=\"Emotionaler Generator\" width=\"150\" height=\"150\" \/><\/a><\/p>\n<p><a href=\"https:\/\/www.sehtherapie.com\/\" target=\"_blank\" rel=\"www.sehtherapie.com noopener noreferrer\"><img loading=\"lazy\" decoding=\"async\" class=\"alignleft wp-image-327 size-thumbnail\" src=\"https:\/\/stephanieorion.com\/wp-content\/uploads\/2015\/07\/CWI7168-150x150.jpg\" alt=\"Emotionaler Generator\" width=\"150\" height=\"150\" \/><\/a><\/p>\n<p><a href=\"https:\/\/www.brigitte-luy.de\/\" target=\"_blank\" rel=\"noopener noreferrer\"><img loading=\"lazy\" decoding=\"async\" class=\"alignleft wp-image-332 size-thumbnail\" src=\"https:\/\/stephanieorion.com\/wp-content\/uploads\/2015\/07\/IMG_9151-Arbeitskopie-2-150x150.jpg\" alt=\"Emotionaler Generator\" width=\"150\" height=\"150\" \/><\/a><\/p>\n<p><a href=\"https:\/\/crystalclearawakening.com\/\" target=\"_blank\" rel=\"noopener\"><img loading=\"lazy\" decoding=\"async\" class=\"alignleft size-thumbnail wp-image-1159\" src=\"https:\/\/stephanieorion.com\/wp-content\/uploads\/2015\/07\/Cathy-150x150.jpg\" alt=\"Cathy\" width=\"150\" height=\"150\" \/><\/a><\/p>\n<p>&nbsp;<\/p>\n<p><img loading=\"lazy\" decoding=\"async\" class=\"alignleft wp-image-285 size-thumbnail\" src=\"https:\/\/stephanieorion.com\/wp-content\/uploads\/2015\/11\/Emotionaler-Generator-150x150.jpg\" alt=\"Emotionaler Generator\" width=\"150\" height=\"150\" \/><\/p>\n<hr \/>\n<p><em>Spontane Generatoren<\/em><\/p>\n<p><a href=\"https:\/\/stephanieorion.com\/wp-content\/uploads\/2015\/07\/Meini.jpg\"><img loading=\"lazy\" decoding=\"async\" class=\"alignleft size-thumbnail wp-image-1303\" src=\"https:\/\/stephanieorion.com\/wp-content\/uploads\/2015\/07\/Meini-150x150.jpg\" alt=\"Meini\" width=\"150\" height=\"150\" \/><\/a><\/p>\n<p><a href=\"https:\/\/healingwithbeva.com\" target=\"_blank\" rel=\"noopener noreferrer\"><img loading=\"lazy\" decoding=\"async\" class=\"alignleft size-thumbnail wp-image-1577\" src=\"https:\/\/stephanieorion.com\/wp-content\/uploads\/2015\/07\/23107200_10208297607476766_1063695229_o-150x150.jpg\" alt=\"\" width=\"150\" height=\"150\" \/><\/a><\/p>\n<p><a href=\"https:\/\/www.michaelahohmann.de\/\" target=\"_blank\" rel=\"noopener noreferrer\"><img loading=\"lazy\" decoding=\"async\" class=\"alignleft size-thumbnail wp-image-1174\" src=\"https:\/\/stephanieorion.com\/wp-content\/uploads\/2015\/07\/Michaela-cut-150x150.jpg\" alt=\"Michaela cut\" width=\"150\" height=\"150\" \/><\/a><\/p>\n<p><a href=\"https:\/\/www.fuckluckygohappy.de\/\" target=\"_blank\" rel=\"noopener noreferrer\"><img loading=\"lazy\" decoding=\"async\" class=\"alignleft wp-image-391 size-thumbnail\" src=\"https:\/\/stephanieorion.com\/wp-content\/uploads\/2015\/07\/Rebecca3-copy-150x150.jpg\" alt=\"Spontaner Generator\" width=\"150\" height=\"150\" \/><\/a><\/p>\n<p><img loading=\"lazy\" decoding=\"async\" class=\"alignleft wp-image-286 size-thumbnail\" src=\"https:\/\/stephanieorion.com\/wp-content\/uploads\/2015\/11\/Spontaner-Generator-150x150.jpg\" alt=\"Spontaner Generator\" width=\"150\" height=\"150\" \/><\/p>\n<p><a href=\"https:\/\/stephanieorion.com\/wp-content\/uploads\/2015\/07\/Allister.jpg\" target=\"_blank\" rel=\"noopener noreferrer\"><img loading=\"lazy\" decoding=\"async\" class=\"alignleft size-thumbnail wp-image-1149\" src=\"https:\/\/stephanieorion.com\/wp-content\/uploads\/2015\/07\/Allister-150x150.jpg\" alt=\"Allister\" width=\"150\" height=\"150\" \/><\/a><\/p>\n<hr \/>\n<p><em>Die richtige Aufgabe finden&#8230;<\/em><br \/>\n<em> Nur Dinge tun, die sie erf\u00fcllen&#8230;<\/em><br \/>\n<em> Sich dem Fluss des Lebens hingeben&#8230;<\/em><br \/>\n<em><strong>Zufriedenheit<\/strong> versus Frustration<\/em><\/p>\n<p>Definiertes Sakralzentrum.<br \/>\nGeneratoren\/manifestierende Generatoren haben also ein Bauchgef\u00fchl. Sie halten das\u00a0Leben am Laufen. F\u00fcr die Menschen und Aufgaben, die ihnen entsprechen, steht ihnen\u00a0unermessliche Energie zur Verf\u00fcgung, die ihre inh\u00e4rente Kraft st\u00e4rkt. Versucht ein\u00a0Generator jedoch wie ein Manifestor Dinge in der Welt in Bewegung zu setzen, begegnet\u00a0ihm Widerstand auf allen Ebenen und er beraubt sich selbst seiner Energie. Sie werden\u00a0dadurch auch manipulierbar, weil sie sich selbst ihrer Entscheidungsinstanz berauben. Da\u00a0sie die perfekten Magneten sind, kommt das Leben auf sie zu, so dass sie darauf reagieren\u00a0k\u00f6nnen und durch ihre Reaktion erkennen k\u00f6nnen, ob sie f\u00fcr eine Aktivit\u00e4t oder\u00a0einen Menschen Energie zur Verf\u00fcgung haben oder nicht.\u00a0Wenn sie lernen zu warten, Dinge wieder auf sich zukommen zu lassen und zu reagieren\u00a0anstatt auf das, was der Kopf ihnen erz\u00e4hlt, zu agieren, entf\u00e4llt der Widerstand und die\u00a0Frustration, die entsteht, wenn ein Leben gelebt wird, das an ihrer wahren Natur\u00a0vorbeigeht. Nur dann k\u00f6nnen sie wahre Zufriedenheit erleben. Frustration kann sich auch\u00a0anf\u00fchlen, als ob man stecken geblieben ist oder gefangen gehalten wird. Es geht darum,\u00a0nur noch Dinge zu tun und mit Menschen zu interagieren, die man liebt und die einen\u00a0zufrieden machen, denn dadurch erf\u00e4hrt man, wer man ist und was einem wahrhaftig\u00a0Freude im Leben bereitet.<br \/>\nReine Generatoren arbeiten Schritt f\u00fcr Schritt bis sie ein Plateau erreichen, wo es\u00a0erscheint als w\u00fcrde nichts mehr passieren, aber wenn sie korrekt auf etwas reagiert\u00a0haben, kommt der n\u00e4chste Impuls und bringt ihre Energie wieder in Schwung, ansonsten\u00a0f\u00fchlen sie sich so, als w\u00e4ren sie komplett stecken geblieben und wollen nur noch aufgeben.\u00a0Manifestierende Generatoren sind schneller in ihrer ausf\u00fchrenden Qualit\u00e4t als reine\u00a0Generatoren und lassen sich leichter dazu verleiten, zu initiieren ohne abzuwarten, auf\u00a0was sie reagieren k\u00f6nnen. Sie \u00fcberspringen gerne was sie als unwichtig erachten und\u00a0m\u00fcssen sp\u00e4ter oftmals zur\u00fcckkehren, weil sie erkennen, dass sie etwas Essentielles\u00a0vernachl\u00e4ssigt haben. Wenn sie nicht korrekt handeln, erleben sie oft eine Mischung aus\u00a0Frustration und Wut.<\/p>\n<p><strong>Aura:<\/strong> offen, damit sie empf\u00e4nglich ist auf die Impulse des Lebens zu reagieren.<br \/>\n<strong>Strategie:<\/strong> Warten um reagieren zu k\u00f6nnen!<br \/>\n<strong>Wer bin ich?<\/strong><\/p>\n<hr \/>\n<h4>\u00a0Nicht-\u00adEnergietypen<\/h4>\n<p>Die zwei anderen Typen werden als Nicht-\u00adEnergietypen bezeichnet:\u00a0<strong>Projektoren<\/strong> haben den Durch\u00ad- und \u00dcberblick und k\u00f6nnen dadurch den\u00a0Energietypen mit Rat (und wenn eingeladen auch\u00a0manchmal mit Tat) zur Seite stehen, damit sie ihre Energie effizienter\u00a0nutzen k\u00f6nnen. <strong>Reflektoren<\/strong> erkennen die Gesamtzusammenh\u00e4nge,\u00a0spiegeln den Grundzustand der Welt sowie von gr\u00f6\u00dferen\u00a0Gemeinschaften und unterst\u00fctzen uns alle durch ihre Spiegelfunktion\u00a0in unserer Selbsterkenntnis.<\/p>\n<hr \/>\n<p id=\"PROJEKTOREN\"><strong><span style=\"color: #b00078;\">PROJEKTOREN<\/span><\/strong><\/p>\n<hr \/>\n<p>&nbsp;<\/p>\n<p><a href=\"https:\/\/www.stephanieorion.com\/\" target=\"_blank\" rel=\"noopener noreferrer\"><img loading=\"lazy\" decoding=\"async\" class=\"alignleft wp-image-501\" src=\"https:\/\/stephanieorion.com\/wp-content\/uploads\/2015\/07\/Stephanie_Orion_034_E7-150x150.jpg\" alt=\"Projektor\" width=\"191\" height=\"267\" srcset=\"https:\/\/stephanieorion.com\/wp-content\/uploads\/2015\/07\/Stephanie_Orion_034_E7-214x300.jpg 214w, https:\/\/stephanieorion.com\/wp-content\/uploads\/2015\/07\/Stephanie_Orion_034_E7-731x1024.jpg 731w, https:\/\/stephanieorion.com\/wp-content\/uploads\/2015\/07\/Stephanie_Orion_034_E7.jpg 2025w\" sizes=\"auto, (max-width: 191px) 100vw, 191px\" \/><\/a><\/p>\n<p><img loading=\"lazy\" decoding=\"async\" class=\"alignleft wp-image-237\" src=\"https:\/\/stephanieorion.com\/wp-content\/uploads\/2015\/07\/Armin-150x150.jpg\" alt=\"Projektor\" width=\"187\" height=\"267\" srcset=\"https:\/\/stephanieorion.com\/wp-content\/uploads\/2015\/07\/Armin-210x300.jpg 210w, https:\/\/stephanieorion.com\/wp-content\/uploads\/2015\/07\/Armin-717x1024.jpg 717w, https:\/\/stephanieorion.com\/wp-content\/uploads\/2015\/07\/Armin.jpg 896w\" sizes=\"auto, (max-width: 187px) 100vw, 187px\" \/><\/p>\n<hr \/>\n<p><em>Das richtige Leben finden und das Geheimnis des Lebens ergr\u00fcnden&#8230;<\/em><br \/>\n<em> Sind hier um sich am Leben zu erfreuen, nicht um zu arbeiten&#8230;<\/em><br \/>\n<em> Sich durch den anderen erfahren&#8230;<\/em><br \/>\n<em><strong>Verbitterung<\/strong> versus Erfolg<\/em><\/p>\n<p>Offenes Sakralzentrum, keine Verbindung von Motor zur Kehle.\u00a0Ihre F\u00e4higkeit ist es die Essenz und das Wesen jedes Menschen zu erkennen. Sie blicken\u00a0anderen in die Seele und erkennen so deren Potenzial, m\u00fcssen aber im Gegenzug f\u00fcr das,\u00a0was sie selbst mitbringen, erkannt werden. Tief verbunden mit der allem zugrunde\u00a0liegenden Energie sehen sie die Zusammenh\u00e4nge und Strukturen der Welt und erkennen,\u00a0wie Energien richtig eingesetzt werden k\u00f6nnen. Sie sind nicht hier, um zu arbeiten\u00a0und k\u00f6nnen durch ihre Wahrnehmung andere (vor allem Generatoren durch die richtigen\u00a0Ja\/Nein\u00ad-Fragen) darin unterst\u00fctzen, ihre Energie korrekt einzusetzen und den Weg\u00a0einzuschlagen, der ihrer wahren Natur entspricht. Projektoren ben\u00f6tigen Systeme, um\u00a0ihre Wahrnehmung anderen verst\u00e4ndlich vermitteln zu k\u00f6nnen. Finden sie ein System,\u00a0das ihnen entspricht, beginnen sie anderen wirklich weiterhelfen zu k\u00f6nnen. Man\u00a0muss anderen die Spielregeln eines Spiels erkl\u00e4ren k\u00f6nnen, damit sie das Spiel spielen\u00a0k\u00f6nnen, aber dazu muss man sie zuerst selbst gr\u00fcndlich verstanden haben. Sie warten, bis\u00a0sie f\u00fcr ihre F\u00e4higkeiten erkannt und eingeladen werden, und sprechen erst, wenn sie\u00a0eingeladen und gefragt werden.<br \/>\nWenn ein Projektor versucht, etwas zu initiieren oder zum Laufen zu bringen, dann\u00a0erntet er Widerstand und verbittert.\u00a0Versuchen sie so zu agieren wie Generatoren, enden sie zutiefst ersch\u00f6pft. Wird ein\u00a0Projektor f\u00fcr seine einzigartigen F\u00e4higkeiten erkannt und eingeladen, so kann er Erfolg\u00a0am Erfolg anderer erfahren.<\/p>\n<p><strong>Aura:<\/strong> fokussiert, damit sie sich auf den anderen konzentrieren k\u00f6nnen, um diesen\u00a0erfassen zu k\u00f6nnen und ihm bei der korrekten Ausrichtung unterst\u00fctzen zu k\u00f6nnen.<br \/>\n<strong>Strategie:<\/strong> Warten auf die richtige Einladung!<br \/>\n<strong>Wer ist der andere?<\/strong><\/p>\n<hr \/>\n<p id=\"REFLEKTOREN\"><strong><span style=\"color: #b00078;\">REFLEKTOREN<\/span><\/strong><\/p>\n<hr \/>\n<p><a href=\"https:\/\/www.instagram.com\/yogyiry\/\" target=\"_blank\" rel=\"noopener noreferrer\"><img loading=\"lazy\" decoding=\"async\" class=\"alignleft wp-image-329\" src=\"https:\/\/stephanieorion.com\/wp-content\/uploads\/2015\/07\/IMG_4503-150x150.jpg\" alt=\"Reflektor\" width=\"184\" height=\"267\" srcset=\"https:\/\/stephanieorion.com\/wp-content\/uploads\/2015\/07\/IMG_4503-207x300.jpg 207w, https:\/\/stephanieorion.com\/wp-content\/uploads\/2015\/07\/IMG_4503.jpg 507w\" sizes=\"auto, (max-width: 184px) 100vw, 184px\" \/><\/a><\/p>\n<hr \/>\n<p><em>Den richtigen Platz zum Leben finden&#8230;<\/em><br \/>\n<em> Tanzen mit Mond und Gestirnen&#8230;<\/em><br \/>\n<em> Sind hier, um das Wunder des Lebens in seiner Einzigartigkeit zu erfahren&#8230;<\/em><br \/>\n<em><strong>Entt\u00e4uschung<\/strong> versus \u00dcberraschung<\/em><\/p>\n<p>Alle Zentren sind offen.<br \/>\nSind der Spiegel des Kollektivs, der Welt, des Zustands der Menschheit an sich.\u00a0Durch ihre F\u00e4higkeit, die Qualit\u00e4t von Menschen vollumf\u00e4nglich ertasten und spiegeln zu\u00a0k\u00f6nnen, kennen sie das Programm genau und erkennen auch jeden \u201eFehler\u201c im System\u00a0und erleben dadurch einen \u00dcberraschungseffekt.\u00a0Sie sind entweder vollkommen im kollektiven System eingebunden oder k\u00f6nnen als\u00a0Au\u00dfenstehende wertvolle Beobachter des Lebens sein. Reflektoren werden durch ihre\u00a0Offenheit ein leicht ver\u00e4ndertes Abbild ihrer Umgebung, sind sozusagen der Wetterfrosch.\u00a0Geduld f\u00fchrt zu Weisheit und einem Gef\u00fchl von Klarheit. Dem Mondzyklus zu folgen,\u00a0erlaubt es dem Reflektor, sich f\u00fcr die wichtigen Entscheidungen im Leben genug Zeit zu\u00a0lassen, um sich n\u00e4her mit den Gesamtzusammenh\u00e4ngen auseinander zu setzen, sich indieser Zeit mit anderen Menschen auszutauschen und zu sehen, ob \u00fcber diesen Zeitraum\u00a0\u00fcberhaupt weiterhin Interesse an einer Sachlage oder einem Person besteht. Das einzig\u00a0Best\u00e4ndige im Leben eines Reflektors ist der Wandel, aber durch ihr Profil und die Farbe\u00a0ihrer Motivation im Human Design gewinnen sie zwei best\u00e4ndigen Faktoren in ihrem\u00a0Leben.<br \/>\nLebt sich ein Reflektor nicht selbst, erf\u00e4hrt er eine Entt\u00e4uschung nach der anderen, da\u00a0sich nichts Neues im Leben zu ereignen scheint und nur \u00dcberraschungen, Dinge und\u00a0Menschen, die anders sind und laufen, geben ihm wirklich einen Lebenssinn.<\/p>\n<p><strong>Aura:<\/strong> \u201eTeflon\u201c\u00adAura, die Stichproben vom anderen nehmen kann oder\u00a0sich vollkommen verschlie\u00dfen l\u00e4sst und als reiner Spiegel fungiert.<br \/>\n<strong>Strategie:<\/strong> Vor wichtigen Entscheidungen einen Mondzyklus (ca. 28\u00a0Tage warten)!<br \/>\n<strong>Wie geht es mir?<\/strong><\/p>\n<hr \/>\n<p style=\"text-align: left;\">Statistik Stand M\u00e4rz\/2016\u00a0<a href=\"http:\/\/www.jovianarchive.com\/statistics\" target=\"_blank\" rel=\"noopener noreferrer\">http:\/\/www.jovianarchive.com\/statistics<\/a><\/p>\n<p><span style=\"text-decoration: underline;\"><strong>Bildrechte:<\/strong><\/span><br \/>\n<strong>Manifestoren<\/strong> &#8211; private Bilder<br \/>\n<strong>Emotionale Generatoren<\/strong> &#8211; private Bilder, Reihe 1 Bild 4 \u00a9 Elias Hassos, Reihe 2 Bild 4 \u00a9 Andrea Seifert<br \/>\n<strong>Spontane Generatoren<\/strong> &#8211; private Bilder<br \/>\n<strong>Projektoren<\/strong> &#8211; privates Bild, Bild 2 \u00a9 Elias Hassos<br \/>\n<strong>Reflektoren<\/strong> &#8211; privates Bild<\/p>\n","protected":false},"excerpt":{"rendered":"<p>\u201eM\u00f6chtest Du die Geheimnisse des Universums erfahren, dann\u00a0besch\u00e4ftige Dich mit Energie, Frequenz und Schwingung.\u201c ~ Nikola\u00a0Tesla Wie wir der Welt begegnen oder wie die Welt uns begegnet&#8230; Im Human Design werden aufgrund ihrer unterschiedlichen Ausstrahlung und Wirkkraft\u00a0vier Typen unterschieden. Ungef\u00e4hr 80 % der Menschheit sind Energietypen, so genannte\u00a0Generatoren (ca. 68 %) und Manifestoren (ca. 9 [&hellip;]<\/p>\n","protected":false},"author":1,"featured_media":0,"parent":0,"menu_order":0,"comment_status":"open","ping_status":"open","template":"","meta":{"_genesis_hide_title":false,"_genesis_hide_breadcrumbs":false,"_genesis_hide_singular_image":false,"_genesis_hide_footer_widgets":false,"_genesis_custom_body_class":"","_genesis_custom_post_class":"","_genesis_layout":"full-width-content","footnotes":""},"class_list":{"0":"post-25","1":"page","2":"type-page","3":"status-publish","5":"entry","6":"has-post-thumbnail"},"_links":{"self":[{"href":"https:\/\/stephanieorion.com\/index.php?rest_route=\/wp\/v2\/pages\/25","targetHints":{"allow":["GET"]}}],"collection":[{"href":"https:\/\/stephanieorion.com\/index.php?rest_route=\/wp\/v2\/pages"}],"about":[{"href":"https:\/\/stephanieorion.com\/index.php?rest_route=\/wp\/v2\/types\/page"}],"author":[{"embeddable":true,"href":"https:\/\/stephanieorion.com\/index.php?rest_route=\/wp\/v2\/users\/1"}],"replies":[{"embeddable":true,"href":"https:\/\/stephanieorion.com\/index.php?rest_route=%2Fwp%2Fv2%2Fcomments&post=25"}],"version-history":[{"count":238,"href":"https:\/\/stephanieorion.com\/index.php?rest_route=\/wp\/v2\/pages\/25\/revisions"}],"predecessor-version":[{"id":4922,"href":"https:\/\/stephanieorion.com\/index.php?rest_route=\/wp\/v2\/pages\/25\/revisions\/4922"}],"wp:attachment":[{"href":"https:\/\/stephanieorion.com\/index.php?rest_route=%2Fwp%2Fv2%2Fmedia&parent=25"}],"curies":[{"name":"wp","href":"https:\/\/api.w.org\/{rel}","templated":true}]}}