{"id":21,"date":"2015-07-21T17:54:14","date_gmt":"2015-07-21T15:54:14","guid":{"rendered":"http:\/\/stephanieorion.com\/?page_id=21"},"modified":"2020-07-15T16:08:02","modified_gmt":"2020-07-15T14:08:02","slug":"was-ist-human-design","status":"publish","type":"page","link":"https:\/\/stephanieorion.com\/?page_id=21&lang=de","title":{"rendered":"Was ist Human Design?"},"content":{"rendered":"<p style=\"text-align: center;\"><span style=\"color: #e7b923;\"><em><em><em>\u201e<\/em><\/em>Sobald Du dir vertraust, sobald wei\u00dft Du zu leben.<em>\u201d<\/em><\/em><\/span><br \/>\n<span style=\"color: #e7b923;\"> ~ Johann Wolfgang von Goethe<\/span><strong><img loading=\"lazy\" decoding=\"async\" class=\"aligncenter size-full wp-image-1729\" src=\"https:\/\/stephanieorion.com\/wp-content\/uploads\/2018\/05\/water-2605163_640-1.jpg\" alt=\"\" width=\"640\" height=\"426\" srcset=\"https:\/\/stephanieorion.com\/wp-content\/uploads\/2018\/05\/water-2605163_640-1.jpg 640w, https:\/\/stephanieorion.com\/wp-content\/uploads\/2018\/05\/water-2605163_640-1-300x200.jpg 300w\" sizes=\"auto, (max-width: 640px) 100vw, 640px\" \/>Was ist Human Design?<\/strong><\/p>\n<p>Das Human Design System ist eine Erfahrungswissenschaft.\u00a0Es bildet eine Synthese aus uralter Weisheit und moderner Wissenschaft, die die\u00a0Astrologie, das I \u0301 Ging, den Lebensbaum der Kabbalah, das indische Chakrensystem, die\u00a0Lehre der Genetik und Quantenphysik miteinander verkn\u00fcpft. Durch die Geburtsdaten\u00a0erh\u00e4lt man eine sogenannte K\u00f6rpergrafik, anhand derer man die St\u00e4rken und\u00a0Herausforderungen eines Menschen bis ins feinste Detail ablesen kann und Menschen\u00a0dadurch unterst\u00fctzen kann, wieder auf ihren einzigartigen und vollkommen individuellen\u00a0Lebensweg zur\u00fcckzufinden.<\/p>\n<p>Unbewusste und bewusste Anteile eines Menschen, zwischenmenschliche Interaktionen,\u00a0Konfliktfelder in allen menschlichen Erfahrungsbereichen (z.B. Psychologie, Ern\u00e4hrung,\u00a0Kommunikation, Politik, Marketing, Gesch\u00e4ftsleben, Wirtschaft, Personalf\u00fchrung,\u00a0Beziehungen, Sex, Familienleben, Kindererziehung usw.) k\u00f6nnen mechanisch erkl\u00e4rt und\u00a0dadurch kreative L\u00f6sungen gefunden werden. Detailreichtum und Komplexit\u00e4t sind in\u00a0diesem Systems gekoppelt mit der absoluten Einfachheit der praktischen\u00a0Umsetzungsm\u00f6glichkeiten.<\/p>\n<p>\u2022 Sich selbst und andere erkennen und annehmen<\/p>\n<p>\u2022 Die Intelligenz des K\u00f6rpers verstehen und f\u00fcr sich nutzen lernen<\/p>\n<p>\u2022 L\u00f6sungs\u00ad- und Ressourcen orientierte Beratung<\/p>\n<p>\u2022 Individuelle M\u00f6glichkeiten auf Fragen aller Art einzugehen<\/p>\n<p>\u2022 Einfache, verst\u00e4ndliche, praktikable Anwendungsm\u00f6glichkeiten<\/p>\n<p><img loading=\"lazy\" decoding=\"async\" class=\"aligncenter size-medium wp-image-1730\" src=\"https:\/\/stephanieorion.com\/wp-content\/uploads\/2018\/05\/Screen-Shot-2018-05-21-at-10.42.02-AM-1-300x285.png\" alt=\"\" width=\"300\" height=\"285\" srcset=\"https:\/\/stephanieorion.com\/wp-content\/uploads\/2018\/05\/Screen-Shot-2018-05-21-at-10.42.02-AM-1-300x285.png 300w, https:\/\/stephanieorion.com\/wp-content\/uploads\/2018\/05\/Screen-Shot-2018-05-21-at-10.42.02-AM-1-768x729.png 768w, https:\/\/stephanieorion.com\/wp-content\/uploads\/2018\/05\/Screen-Shot-2018-05-21-at-10.42.02-AM-1-1024x972.png 1024w, https:\/\/stephanieorion.com\/wp-content\/uploads\/2018\/05\/Screen-Shot-2018-05-21-at-10.42.02-AM-1.png 1368w\" sizes=\"auto, (max-width: 300px) 100vw, 300px\" \/><\/p>\n<p>Im Human Design geht es nicht darum, neue Regeln und Glaubenss\u00e4tze zu integrieren, um dadurch ein besseres Leben f\u00fchren zu k\u00f6nnen, nein im Gegenteil, jede\u00a0Aussage darf angezweifelt werden und kann selbst auf die Probe gestellt werden. Das\u00a0Wissen best\u00e4tigt sich immer nur in der eigenen Erfahrungswelt, im Experiment des\u00a0Lebens&#8230;<\/p>\n<p><strong>Ra Uru Hu<\/strong> (geb. Alan Robert Krakauer) ist der Begr\u00fcnder des Human\u00a0Design Systems.<\/p>\n","protected":false},"excerpt":{"rendered":"<p>\u201eSobald Du dir vertraust, sobald wei\u00dft Du zu leben.\u201d ~ Johann Wolfgang von GoetheWas ist Human Design? Das Human Design System ist eine Erfahrungswissenschaft.\u00a0Es bildet eine Synthese aus uralter Weisheit und moderner Wissenschaft, die die\u00a0Astrologie, das I \u0301 Ging, den Lebensbaum der Kabbalah, das indische Chakrensystem, die\u00a0Lehre der Genetik und Quantenphysik miteinander verkn\u00fcpft. Durch die [&hellip;]<\/p>\n","protected":false},"author":1,"featured_media":0,"parent":0,"menu_order":0,"comment_status":"open","ping_status":"open","template":"","meta":{"_genesis_hide_title":false,"_genesis_hide_breadcrumbs":false,"_genesis_hide_singular_image":false,"_genesis_hide_footer_widgets":false,"_genesis_custom_body_class":"","_genesis_custom_post_class":"","_genesis_layout":"full-width-content","footnotes":""},"class_list":{"0":"post-21","1":"page","2":"type-page","3":"status-publish","5":"entry","6":"has-post-thumbnail"},"_links":{"self":[{"href":"https:\/\/stephanieorion.com\/index.php?rest_route=\/wp\/v2\/pages\/21","targetHints":{"allow":["GET"]}}],"collection":[{"href":"https:\/\/stephanieorion.com\/index.php?rest_route=\/wp\/v2\/pages"}],"about":[{"href":"https:\/\/stephanieorion.com\/index.php?rest_route=\/wp\/v2\/types\/page"}],"author":[{"embeddable":true,"href":"https:\/\/stephanieorion.com\/index.php?rest_route=\/wp\/v2\/users\/1"}],"replies":[{"embeddable":true,"href":"https:\/\/stephanieorion.com\/index.php?rest_route=%2Fwp%2Fv2%2Fcomments&post=21"}],"version-history":[{"count":16,"href":"https:\/\/stephanieorion.com\/index.php?rest_route=\/wp\/v2\/pages\/21\/revisions"}],"predecessor-version":[{"id":1733,"href":"https:\/\/stephanieorion.com\/index.php?rest_route=\/wp\/v2\/pages\/21\/revisions\/1733"}],"wp:attachment":[{"href":"https:\/\/stephanieorion.com\/index.php?rest_route=%2Fwp%2Fv2%2Fmedia&parent=21"}],"curies":[{"name":"wp","href":"https:\/\/api.w.org\/{rel}","templated":true}]}}