{"id":11,"date":"2015-07-21T17:18:25","date_gmt":"2015-07-21T15:18:25","guid":{"rendered":"http:\/\/stephanieorion.com\/?page_id=11"},"modified":"2025-01-05T16:39:27","modified_gmt":"2025-01-05T14:39:27","slug":"yoga","status":"publish","type":"page","link":"https:\/\/stephanieorion.com\/?page_id=11&lang=de","title":{"rendered":"Yoga"},"content":{"rendered":"<p style=\"text-align: center;\"><em><span style=\"color: #991735;\"><span style=\"color: #b00078;\">\u201eYoga ist der Zustand, in dem alles gut ist wie es ist, in dem Du genau richtig bist so wie Du jetzt bist, und in dem alles, wirklich alles, m\u00f6glich ist.\u201c<\/span><\/span><span style=\"color: #b00078;\"><br \/>\n~ Stephanie Orion<\/span><\/em><img loading=\"lazy\" decoding=\"async\" class=\"aligncenter size-large wp-image-1700\" src=\"https:\/\/stephanieorion.com\/wp-content\/uploads\/2018\/05\/IMG_6451-1-1024x768.jpg\" alt=\"\" width=\"1024\" height=\"768\" srcset=\"https:\/\/stephanieorion.com\/wp-content\/uploads\/2018\/05\/IMG_6451-1-1024x768.jpg 1024w, https:\/\/stephanieorion.com\/wp-content\/uploads\/2018\/05\/IMG_6451-1-300x225.jpg 300w, https:\/\/stephanieorion.com\/wp-content\/uploads\/2018\/05\/IMG_6451-1-768x576.jpg 768w\" sizes=\"auto, (max-width: 1024px) 100vw, 1024px\" \/><\/p>\n<h4>ONLINE YOGA<\/h4>\n<p>Derzeit unterrichte ich keine festen Stunden. Wer mal in meinen Stil reinschnuppern m\u00f6chte, kann das gerne auf <a href=\"https:\/\/www.youtube.com\/@stephanieorion3185\/videos\" target=\"_blank\" rel=\"noopener\">YouTube<\/a> tun.<\/p>\n<hr \/>\n<h4>PRIVATSTUNDEN<\/h4>\n<p>Falls Interesse an einer individuellen, den eigenen Bed\u00fcrfnisse und W\u00fcnsche angepassten Yogastunde besteht, biete ich auch Privatstunden an. Diese k\u00f6nnen entweder an einem der Orte, an denen ich unterrichte, stattfinden oder auf Wunsch bei Ihnen zuhause oder online.<\/p>\n<hr \/>\n<h4>WAS ERWARTET SIE IN STEFFIS\u00a0STUNDEN<\/h4>\n<p>In ihren Stunden erlaubt es Steffi den Sch\u00fclern wieder ganz bei sich anzukommen und in die Sch\u00f6nheit und Tiefe ihres eigenen Wesens zur\u00fcckzukehren. Ihre Pr\u00e4senz und Hingabe an die Praxis und das Leben ermutigt die Sch\u00fcler ihr inneres Gleichgewicht wiederherzustellen, sich wieder\u00a0oder \u00fcberhaupt einmal\u00a0in ihrem K\u00f6rper wohlzuf\u00fchlen und der Lebenskraft in Form des Atems zu erlauben wieder frei zu fliessen. Die Stunden bestehen aus Sequenzen der Jivamukti-Tradition unterst\u00fctzt durch genaue Anleitung zur Ausrichtung und vielen ausgleichenden, restorativen \u00dcbungen. St\u00e4rke und Flexibilit\u00e4t werden gef\u00f6rdert, aber immer in ausgeglichenem Ma\u00dfe. Da sie selbst tief in ihrem Human Design Experiment verwurzelt ist, ermutigt sie auch die Sch\u00fcler die Praktiken von der Matte mit raus in ihr Alltagsleben zu nehmen und deren Wirksamkeit dort auszuprobieren.<\/p>\n<p><a href=\"https:\/\/stephanieorion.com\/wp-content\/uploads\/2015\/07\/DON09_Psycho-2_26_View.pdf\"><img loading=\"lazy\" decoding=\"async\" class=\" size-medium wp-image-506 aligncenter\" src=\"https:\/\/stephanieorion.com\/wp-content\/uploads\/2015\/07\/Ekran-Resmi-2016-03-24-14.09.27-242x300.png\" alt=\"Yoga\" width=\"242\" height=\"300\" srcset=\"https:\/\/stephanieorion.com\/wp-content\/uploads\/2015\/07\/Ekran-Resmi-2016-03-24-14.09.27-242x300.png 242w, https:\/\/stephanieorion.com\/wp-content\/uploads\/2015\/07\/Ekran-Resmi-2016-03-24-14.09.27.png 500w\" sizes=\"auto, (max-width: 242px) 100vw, 242px\" \/><\/a><\/p>\n","protected":false},"excerpt":{"rendered":"<p>\u201eYoga ist der Zustand, in dem alles gut ist wie es ist, in dem Du genau richtig bist so wie Du jetzt bist, und in dem alles, wirklich alles, m\u00f6glich ist.\u201c ~ Stephanie Orion ONLINE YOGA Derzeit unterrichte ich keine festen Stunden. Wer mal in meinen Stil reinschnuppern m\u00f6chte, kann das gerne auf YouTube tun. [&hellip;]<\/p>\n","protected":false},"author":1,"featured_media":0,"parent":0,"menu_order":0,"comment_status":"open","ping_status":"open","template":"","meta":{"_genesis_hide_title":false,"_genesis_hide_breadcrumbs":false,"_genesis_hide_singular_image":false,"_genesis_hide_footer_widgets":false,"_genesis_custom_body_class":"","_genesis_custom_post_class":"","_genesis_layout":"full-width-content","footnotes":""},"class_list":{"0":"post-11","1":"page","2":"type-page","3":"status-publish","5":"entry","6":"has-post-thumbnail"},"_links":{"self":[{"href":"https:\/\/stephanieorion.com\/index.php?rest_route=\/wp\/v2\/pages\/11","targetHints":{"allow":["GET"]}}],"collection":[{"href":"https:\/\/stephanieorion.com\/index.php?rest_route=\/wp\/v2\/pages"}],"about":[{"href":"https:\/\/stephanieorion.com\/index.php?rest_route=\/wp\/v2\/types\/page"}],"author":[{"embeddable":true,"href":"https:\/\/stephanieorion.com\/index.php?rest_route=\/wp\/v2\/users\/1"}],"replies":[{"embeddable":true,"href":"https:\/\/stephanieorion.com\/index.php?rest_route=%2Fwp%2Fv2%2Fcomments&post=11"}],"version-history":[{"count":162,"href":"https:\/\/stephanieorion.com\/index.php?rest_route=\/wp\/v2\/pages\/11\/revisions"}],"predecessor-version":[{"id":5122,"href":"https:\/\/stephanieorion.com\/index.php?rest_route=\/wp\/v2\/pages\/11\/revisions\/5122"}],"wp:attachment":[{"href":"https:\/\/stephanieorion.com\/index.php?rest_route=%2Fwp%2Fv2%2Fmedia&parent=11"}],"curies":[{"name":"wp","href":"https:\/\/api.w.org\/{rel}","templated":true}]}}